{"id":5862,"date":"2025-05-19T20:54:24","date_gmt":"2025-05-19T20:54:24","guid":{"rendered":"https:\/\/sogefiwit.com\/?page_id=5862"},"modified":"2025-05-20T19:24:00","modified_gmt":"2025-05-20T19:24:00","slug":"importateur-de-confiance-pour-chr-gms-decouvrez-notre-histoire-et-nos-engagements","status":"publish","type":"page","link":"https:\/\/sogefiwit.com\/it\/importateur-de-confiance-pour-chr-gms-decouvrez-notre-histoire-et-nos-engagements\/","title":{"rendered":"Importateur de confiance pour CHR &amp; GMS \u2013 D\u00e9couvrez notre histoire et nos engagements"},"content":{"rendered":"\t\t<div data-elementor-type=\"wp-page\" data-elementor-id=\"5862\" class=\"elementor elementor-5862\" data-elementor-post-type=\"page\">\n\t\t\t\t<div class=\"elementor-element elementor-element-fb86e07 e-flex e-con-boxed wpr-particle-no wpr-jarallax-no wpr-parallax-no wpr-sticky-section-no wpr-equal-height-no e-con e-parent\" data-id=\"fb86e07\" data-element_type=\"container\" data-e-type=\"container\" data-settings=\"{&quot;background_background&quot;:&quot;video&quot;,&quot;background_video_link&quot;:&quot;https:\\\/\\\/youtu.be\\\/Areuyi1f364&quot;,&quot;background_play_on_mobile&quot;:&quot;yes&quot;,&quot;background_privacy_mode&quot;:&quot;yes&quot;}\">\n\t\t\t\t\t<div class=\"e-con-inner\">\n\t\t<div class=\"elementor-background-video-container\">\n\t\t\t\t\t\t\t<div class=\"elementor-background-video-embed\" role=\"presentation\"><\/div>\n\t\t\t\t\t\t<\/div>\t\t<div class=\"elementor-element elementor-element-ca0b206 elementor-widget elementor-widget-heading\" data-id=\"ca0b206\" data-element_type=\"widget\" data-e-type=\"widget\" data-widget_type=\"heading.default\">\n\t\t\t\t<div class=\"elementor-widget-container\">\n\t\t\t\t\t<h1 class=\"elementor-heading-title elementor-size-default\">West Indies Trade <\/h1>\t\t\t\t<\/div>\n\t\t\t\t<\/div>\n\t\t\t\t<div class=\"elementor-element elementor-element-a59f3ba elementor-widget elementor-widget-heading\" data-id=\"a59f3ba\" data-element_type=\"widget\" data-e-type=\"widget\" data-widget_type=\"heading.default\">\n\t\t\t\t<div class=\"elementor-widget-container\">\n\t\t\t\t\t<h2 class=\"elementor-heading-title elementor-size-default\">Importateur alimentaire CHR &amp; GMS en Martinique<\/h2>\t\t\t\t<\/div>\n\t\t\t\t<\/div>\n\t\t\t\t\t<\/div>\n\t\t\t\t<\/div>\n\t\t<div class=\"elementor-element elementor-element-b367aa2 e-flex e-con-boxed wpr-particle-no wpr-jarallax-no wpr-parallax-no wpr-sticky-section-no wpr-equal-height-no e-con e-parent\" data-id=\"b367aa2\" data-element_type=\"container\" data-e-type=\"container\">\n\t\t\t\t\t<div class=\"e-con-inner\">\n\t\t\t\t<div class=\"elementor-element elementor-element-4b043ca elementor-widget elementor-widget-text-editor\" data-id=\"4b043ca\" data-element_type=\"widget\" data-e-type=\"widget\" data-widget_type=\"text-editor.default\">\n\t\t\t\t<div class=\"elementor-widget-container\">\n\t\t\t\t\t\t\t\t\t<p>Depuis sa cr\u00e9ation, <strong data-start=\"560\" data-end=\"581\">West Indies Trade<\/strong> s\u2019impose comme un acteur de r\u00e9f\u00e9rence dans l\u2019importation et la distribution de produits alimentaires \u00e0 destination des professionnels du CHR (Caf\u00e9s, H\u00f4tels, Restaurants) et de la GMS en Martinique.<br data-start=\"779\" data-end=\"782\" \/>Notre ambition : <strong data-start=\"799\" data-end=\"890\">connecter les meilleurs producteurs europ\u00e9ens \u00e0 l\u2019exigence des professionnels antillais<\/strong>, avec un service sur mesure et r\u00e9actif.<\/p>\t\t\t\t\t\t\t\t<\/div>\n\t\t\t\t<\/div>\n\t\t\t\t\t<\/div>\n\t\t\t\t<\/div>\n\t\t<div class=\"elementor-element elementor-element-468dc52 e-flex e-con-boxed wpr-particle-no wpr-jarallax-no wpr-parallax-no wpr-sticky-section-no wpr-equal-height-no e-con e-parent\" data-id=\"468dc52\" data-element_type=\"container\" data-e-type=\"container\" id=\"plus\">\n\t\t\t\t\t<div class=\"e-con-inner\">\n\t\t<div class=\"elementor-element elementor-element-51a7eac e-con-full e-flex wpr-particle-no wpr-jarallax-no wpr-parallax-no wpr-sticky-section-no wpr-equal-height-no e-con e-child\" data-id=\"51a7eac\" data-element_type=\"container\" data-e-type=\"container\">\n\t\t\t\t<div class=\"elementor-element elementor-element-3eb9457 elementor-widget elementor-widget-heading\" data-id=\"3eb9457\" data-element_type=\"widget\" data-e-type=\"widget\" data-widget_type=\"heading.default\">\n\t\t\t\t<div class=\"elementor-widget-container\">\n\t\t\t\t\t<h2 class=\"elementor-heading-title elementor-size-default\">Nos missions &amp; Nos valeurs<\/h2>\t\t\t\t<\/div>\n\t\t\t\t<\/div>\n\t\t\t\t<div class=\"elementor-element elementor-element-5f2a9a6 elementor-widget elementor-widget-text-editor\" data-id=\"5f2a9a6\" data-element_type=\"widget\" data-e-type=\"widget\" data-widget_type=\"text-editor.default\">\n\t\t\t\t<div class=\"elementor-widget-container\">\n\t\t\t\t\t\t\t\t\t<p data-start=\"187\" data-end=\"507\">Chez <strong data-start=\"192\" data-end=\"213\">West Indies Trade<\/strong>, nous croyons qu\u2019un bon produit ne suffit pas : il faut aussi un service irr\u00e9prochable, une relation humaine de confiance et une vraie compr\u00e9hension des enjeux du terrain.<br data-start=\"385\" data-end=\"388\" \/>Nous sommes plus qu\u2019un fournisseur, nous sommes un <strong data-start=\"439\" data-end=\"466\">partenaire de proximit\u00e9<\/strong> au service des professionnels exigeants.<\/p><h6 data-start=\"509\" data-end=\"539\">Nos engagements concrets :<\/h6><ul data-start=\"540\" data-end=\"1186\"><li data-start=\"540\" data-end=\"682\"><p data-start=\"542\" data-end=\"682\"><strong data-start=\"542\" data-end=\"553\">Qualit\u00e9<\/strong> : Chaque produit est s\u00e9lectionn\u00e9 pour son go\u00fbt, sa r\u00e9gularit\u00e9, sa tra\u00e7abilit\u00e9 et son ad\u00e9quation aux besoins du march\u00e9 antillais.<\/p><\/li><li data-start=\"683\" data-end=\"817\"><p data-start=\"685\" data-end=\"817\"><strong data-start=\"685\" data-end=\"699\">R\u00e9activit\u00e9<\/strong> : Devis rapides, livraisons optimis\u00e9es et suivi personnalis\u00e9. Nous savons que chaque jour compte dans votre activit\u00e9.<\/p><\/li><li data-start=\"818\" data-end=\"962\"><p data-start=\"820\" data-end=\"962\"><strong data-start=\"820\" data-end=\"836\">Transparence<\/strong> : Pas de fausses promesses, pas d\u2019approximations. Vous savez toujours ce que vous commandez, \u00e0 quel prix, et dans quel d\u00e9lai.<\/p><\/li><li data-start=\"963\" data-end=\"1081\"><p data-start=\"965\" data-end=\"1081\"><strong data-start=\"965\" data-end=\"980\">Flexibilit\u00e9<\/strong> : Petites ou grandes structures, CHR ou GMS, nous nous adaptons \u00e0 votre rythme et \u00e0 vos contraintes.<\/p><\/li><li data-start=\"1082\" data-end=\"1186\"><p data-start=\"1084\" data-end=\"1186\"><strong data-start=\"1084\" data-end=\"1105\">Proximit\u00e9 humaine<\/strong> : Nous connaissons nos clients, et ils nous connaissent. Chaque relation compte.<\/p><\/li><\/ul><p data-start=\"1188\" data-end=\"1359\">Notre mission est simple : <strong data-start=\"1215\" data-end=\"1269\">vous permettre de vous concentrer sur votre m\u00e9tier<\/strong>, pendant que nous assurons vos approvisionnements avec s\u00e9rieux, efficacit\u00e9 et r\u00e9gularit\u00e9.<\/p>\t\t\t\t\t\t\t\t<\/div>\n\t\t\t\t<\/div>\n\t\t\t\t<\/div>\n\t\t<div class=\"elementor-element elementor-element-7b9a59f e-con-full e-flex wpr-particle-no wpr-jarallax-no wpr-parallax-no wpr-sticky-section-no wpr-equal-height-no e-con e-child\" data-id=\"7b9a59f\" data-element_type=\"container\" data-e-type=\"container\">\n\t\t\t\t<div class=\"elementor-element elementor-element-af12353 to-mask elementor-hidden-tablet elementor-hidden-mobile elementor-widget elementor-widget-image\" data-id=\"af12353\" data-element_type=\"widget\" data-e-type=\"widget\" data-settings=\"{&quot;motion_fx_motion_fx_scrolling&quot;:&quot;yes&quot;,&quot;motion_fx_translateX_effect&quot;:&quot;yes&quot;,&quot;motion_fx_translateX_affectedRange&quot;:{&quot;unit&quot;:&quot;%&quot;,&quot;size&quot;:&quot;&quot;,&quot;sizes&quot;:{&quot;start&quot;:0,&quot;end&quot;:50}},&quot;motion_fx_translateX_speed&quot;:{&quot;unit&quot;:&quot;px&quot;,&quot;size&quot;:4,&quot;sizes&quot;:[]},&quot;motion_fx_devices&quot;:[&quot;desktop&quot;,&quot;tablet&quot;,&quot;mobile&quot;]}\" data-widget_type=\"image.default\">\n\t\t\t\t<div class=\"elementor-widget-container\">\n\t\t\t\t\t\t\t\t\t\t\t\t\t\t\t<img fetchpriority=\"high\" decoding=\"async\" width=\"2560\" height=\"1440\" src=\"https:\/\/sogefiwit.com\/wp-content\/uploads\/2025\/05\/shutterstock_1605104848-scaled.jpg\" class=\"attachment-full size-full wp-image-6043\" alt=\"\" srcset=\"https:\/\/sogefiwit.com\/wp-content\/uploads\/2025\/05\/shutterstock_1605104848-scaled.jpg 2560w, https:\/\/sogefiwit.com\/wp-content\/uploads\/2025\/05\/shutterstock_1605104848-300x169.jpg 300w, https:\/\/sogefiwit.com\/wp-content\/uploads\/2025\/05\/shutterstock_1605104848-1024x576.jpg 1024w, https:\/\/sogefiwit.com\/wp-content\/uploads\/2025\/05\/shutterstock_1605104848-768x432.jpg 768w, https:\/\/sogefiwit.com\/wp-content\/uploads\/2025\/05\/shutterstock_1605104848-1536x864.jpg 1536w, https:\/\/sogefiwit.com\/wp-content\/uploads\/2025\/05\/shutterstock_1605104848-2048x1152.jpg 2048w\" sizes=\"(max-width: 2560px) 100vw, 2560px\" \/>\t\t\t\t\t\t\t\t\t\t\t\t\t\t\t<\/div>\n\t\t\t\t<\/div>\n\t\t\t\t<\/div>\n\t\t\t\t\t<\/div>\n\t\t\t\t<\/div>\n\t\t<div class=\"elementor-element elementor-element-e337fa0 e-flex e-con-boxed wpr-particle-no wpr-jarallax-no wpr-parallax-no wpr-sticky-section-no wpr-equal-height-no e-con e-parent\" data-id=\"e337fa0\" data-element_type=\"container\" data-e-type=\"container\">\n\t\t\t\t\t<div class=\"e-con-inner\">\n\t\t<div class=\"elementor-element elementor-element-c06de04 e-con-full e-flex wpr-particle-no wpr-jarallax-no wpr-parallax-no wpr-sticky-section-no wpr-equal-height-no e-con e-child\" data-id=\"c06de04\" data-element_type=\"container\" data-e-type=\"container\">\n\t\t\t\t<div class=\"elementor-element elementor-element-4623dcc elementor-widget elementor-widget-heading\" data-id=\"4623dcc\" data-element_type=\"widget\" data-e-type=\"widget\" data-widget_type=\"heading.default\">\n\t\t\t\t<div class=\"elementor-widget-container\">\n\t\t\t\t\t<h2 class=\"elementor-heading-title elementor-size-default\">Nos sp\u00e9cialit\u00e9s logistiques<\/h2>\t\t\t\t<\/div>\n\t\t\t\t<\/div>\n\t\t\t\t<div class=\"elementor-element elementor-element-39d5fd7 elementor-widget elementor-widget-text-editor\" data-id=\"39d5fd7\" data-element_type=\"widget\" data-e-type=\"widget\" data-widget_type=\"text-editor.default\">\n\t\t\t\t<div class=\"elementor-widget-container\">\n\t\t\t\t\t\t\t\t\t<p data-start=\"224\" data-end=\"537\">Chez <strong data-start=\"229\" data-end=\"250\">West Indies Trade<\/strong>, nous ma\u00eetrisons toute la cha\u00eene logistique pour garantir \u00e0 nos clients CHR et GMS une disponibilit\u00e9 constante des produits, dans les meilleurs d\u00e9lais. Gr\u00e2ce \u00e0 notre exp\u00e9rience terrain et \u00e0 des solutions sur mesure, nous vous livrons ce dont vous avez besoin, quand vous en avez besoin.<\/p><h6 data-start=\"539\" data-end=\"570\">Nos solutions logistiques :<\/h6><ul data-start=\"571\" data-end=\"972\"><li data-start=\"571\" data-end=\"666\"><p data-start=\"573\" data-end=\"666\"><strong data-start=\"573\" data-end=\"599\">\u2708\ufe0f Fret a\u00e9rien express<\/strong> : id\u00e9al pour les produits frais, urgents ou les lancements rapides<\/p><\/li><li data-start=\"667\" data-end=\"746\"><p data-start=\"669\" data-end=\"746\"><strong data-start=\"669\" data-end=\"700\">\ud83d\udea2 Import maritime r\u00e9gulier<\/strong> : pour des volumes importants \u00e0 co\u00fbt optimis\u00e9<\/p><\/li><li data-start=\"747\" data-end=\"876\"><p data-start=\"749\" data-end=\"876\"><strong data-start=\"749\" data-end=\"785\">\u2744\ufe0f Produits frais et p\u00e9rissables<\/strong> : stock\u00e9s et transport\u00e9s dans des conditions ma\u00eetris\u00e9es pour garantir fra\u00eecheur et qualit\u00e9<\/p><\/li><li data-start=\"877\" data-end=\"972\"><p data-start=\"879\" data-end=\"972\"><strong data-start=\"879\" data-end=\"916\">\ud83c\udf0d Sourcing direct Europe\u2013Cara\u00efbe<\/strong> : partenariat avec des producteurs fiables et tra\u00e7ables<\/p><\/li><\/ul><p data-start=\"974\" data-end=\"1080\">Notre objectif : <strong data-start=\"991\" data-end=\"1079\">r\u00e9duire vos ruptures, s\u00e9curiser vos approvisionnements et vous faire gagner du temps<\/strong>.<\/p>\t\t\t\t\t\t\t\t<\/div>\n\t\t\t\t<\/div>\n\t\t\t\t<\/div>\n\t\t<div class=\"elementor-element elementor-element-7532641 e-con-full e-flex wpr-particle-no wpr-jarallax-no wpr-parallax-no wpr-sticky-section-no wpr-equal-height-no e-con e-child\" data-id=\"7532641\" data-element_type=\"container\" data-e-type=\"container\">\n\t\t\t\t<div class=\"elementor-element elementor-element-43508a1 to-mask elementor-widget elementor-widget-image\" data-id=\"43508a1\" data-element_type=\"widget\" data-e-type=\"widget\" data-settings=\"{&quot;motion_fx_motion_fx_scrolling&quot;:&quot;yes&quot;,&quot;motion_fx_translateX_effect&quot;:&quot;yes&quot;,&quot;motion_fx_translateX_affectedRange&quot;:{&quot;unit&quot;:&quot;%&quot;,&quot;size&quot;:&quot;&quot;,&quot;sizes&quot;:{&quot;start&quot;:0,&quot;end&quot;:50}},&quot;motion_fx_translateX_speed&quot;:{&quot;unit&quot;:&quot;px&quot;,&quot;size&quot;:4,&quot;sizes&quot;:[]},&quot;motion_fx_devices&quot;:[&quot;desktop&quot;,&quot;tablet&quot;,&quot;mobile&quot;]}\" data-widget_type=\"image.default\">\n\t\t\t\t<div class=\"elementor-widget-container\">\n\t\t\t\t\t\t\t\t\t\t\t\t\t\t\t<img decoding=\"async\" width=\"590\" height=\"493\" src=\"https:\/\/sogefiwit.com\/wp-content\/uploads\/2025\/05\/GettyImages-155015752.jpg\" class=\"attachment-full size-full wp-image-6048\" alt=\"\" srcset=\"https:\/\/sogefiwit.com\/wp-content\/uploads\/2025\/05\/GettyImages-155015752.jpg 590w, https:\/\/sogefiwit.com\/wp-content\/uploads\/2025\/05\/GettyImages-155015752-300x251.jpg 300w\" sizes=\"(max-width: 590px) 100vw, 590px\" \/>\t\t\t\t\t\t\t\t\t\t\t\t\t\t\t<\/div>\n\t\t\t\t<\/div>\n\t\t\t\t<\/div>\n\t\t\t\t\t<\/div>\n\t\t\t\t<\/div>\n\t\t<div class=\"elementor-element elementor-element-088e80e e-flex e-con-boxed wpr-particle-no wpr-jarallax-no wpr-parallax-no wpr-sticky-section-no wpr-equal-height-no e-con e-parent\" data-id=\"088e80e\" data-element_type=\"container\" data-e-type=\"container\">\n\t\t\t\t\t<div class=\"e-con-inner\">\n\t\t\t\t<div class=\"elementor-element elementor-element-fb3e24f elementor-widget elementor-widget-heading\" data-id=\"fb3e24f\" data-element_type=\"widget\" data-e-type=\"widget\" data-widget_type=\"heading.default\">\n\t\t\t\t<div class=\"elementor-widget-container\">\n\t\t\t\t\t<h2 class=\"elementor-heading-title elementor-size-default\">Vous Commandez, Nous Sublimons<\/h2>\t\t\t\t<\/div>\n\t\t\t\t<\/div>\n\t\t\t\t<div class=\"elementor-element elementor-element-cdbb5d2 elementor-widget elementor-widget-text-editor\" data-id=\"cdbb5d2\" data-element_type=\"widget\" data-e-type=\"widget\" data-widget_type=\"text-editor.default\">\n\t\t\t\t<div class=\"elementor-widget-container\">\n\t\t\t\t\t\t\t\t\t<p>Chez <strong data-start=\"176\" data-end=\"197\">West Indies Trade<\/strong>, nous ne nous contentons pas de livrer des produits de qualit\u00e9 : nous vous aidons aussi \u00e0 les <strong data-start=\"292\" data-end=\"315\">sublimer en cuisine<\/strong>.<br data-start=\"316\" data-end=\"319\" \/>En collaboration avec plusieurs <strong data-start=\"351\" data-end=\"378\">chefs italiens de renom<\/strong>, nous avons con\u00e7u une s\u00e9rie de <strong data-start=\"410\" data-end=\"433\" data-is-only-node=\"\">recettes exclusives<\/strong>, sp\u00e9cialement pens\u00e9es pour les professionnels du CHR.<br data-start=\"487\" data-end=\"490\" \/>Faciles \u00e0 int\u00e9grer \u00e0 vos cartes, ces cr\u00e9ations allient <strong data-start=\"545\" data-end=\"589\">authenticit\u00e9, go\u00fbt et ma\u00eetrise des co\u00fbts<\/strong>. Que vous recherchiez des plats traditionnels ou des id\u00e9es originales \u00e0 forte valeur ajout\u00e9e, nos fiches techniques sont l\u00e0 pour vous inspirer et vous accompagner, avec <strong data-start=\"759\" data-end=\"819\">quantit\u00e9s pr\u00e9cises, co\u00fbt mati\u00e8re, et astuces de dressage<\/strong>.<\/p>\t\t\t\t\t\t\t\t<\/div>\n\t\t\t\t<\/div>\n\t\t\t\t<div class=\"elementor-element elementor-element-d2555ff elementor-widget elementor-widget-heading\" data-id=\"d2555ff\" data-element_type=\"widget\" data-e-type=\"widget\" id=\"recettes\" data-widget_type=\"heading.default\">\n\t\t\t\t<div class=\"elementor-widget-container\">\n\t\t\t\t\t<h2 class=\"elementor-heading-title elementor-size-default\">Entrez votre mail &amp; votre SIRET pour recevoir le catalogue de recettes WIT<\/h2>\t\t\t\t<\/div>\n\t\t\t\t<\/div>\n\t\t\t\t<div class=\"elementor-element elementor-element-5a945ba elementor-widget elementor-widget-heading\" data-id=\"5a945ba\" data-element_type=\"widget\" data-e-type=\"widget\" data-widget_type=\"heading.default\">\n\t\t\t\t<div class=\"elementor-widget-container\">\n\t\t\t\t\t<h2 class=\"elementor-heading-title elementor-size-default\">Bientot disponible<\/h2>\t\t\t\t<\/div>\n\t\t\t\t<\/div>\n\t\t\t\t<div class=\"elementor-element elementor-element-1dbda08 elementor-button-align-center verif-siret-form elementor-hidden-desktop elementor-hidden-tablet elementor-hidden-mobile elementor-widget elementor-widget-form\" data-id=\"1dbda08\" data-element_type=\"widget\" data-e-type=\"widget\" data-settings=\"{&quot;step_next_label&quot;:&quot;Next&quot;,&quot;step_previous_label&quot;:&quot;Previous&quot;,&quot;step_type&quot;:&quot;number_text&quot;,&quot;step_icon_shape&quot;:&quot;circle&quot;}\" data-widget_type=\"form.default\">\n\t\t\t\t<div class=\"elementor-widget-container\">\n\t\t\t\t\t\t\t<form class=\"elementor-form\" method=\"post\" id=\"recettes_form\" name=\"Recettes\" aria-label=\"Recettes\">\n\t\t\t<input type=\"hidden\" name=\"post_id\" value=\"5862\"\/>\n\t\t\t<input type=\"hidden\" name=\"form_id\" value=\"1dbda08\"\/>\n\t\t\t<input type=\"hidden\" name=\"referer_title\" value=\"Importateur de confiance pour CHR &amp; GMS \u2013 D\u00e9couvrez notre histoire et nos engagements\" \/>\n\n\t\t\t\t\t\t\t<input type=\"hidden\" name=\"queried_id\" value=\"5862\"\/>\n\t\t\t\n\t\t\t<div class=\"elementor-form-fields-wrapper elementor-labels-above\">\n\t\t\t\t\t\t\t\t<div class=\"elementor-field-type-email elementor-field-group elementor-column elementor-field-group-email elementor-col-100 elementor-field-required\">\n\t\t\t\t\t\t\t\t\t\t\t\t<label for=\"form-field-email\" class=\"elementor-field-label\">\n\t\t\t\t\t\t\t\tEmail\t\t\t\t\t\t\t<\/label>\n\t\t\t\t\t\t\t\t\t\t\t\t\t\t<input size=\"1\" type=\"email\" name=\"form_fields[email]\" id=\"form-field-email\" class=\"elementor-field elementor-size-sm  elementor-field-textual\" placeholder=\"Entrez Votre Email\" required=\"required\">\n\t\t\t\t\t\t\t\t\t\t\t<\/div>\n\t\t\t\t\t\t\t\t<div class=\"elementor-field-type-text elementor-field-group elementor-column elementor-field-group-societe elementor-col-100 elementor-field-required\">\n\t\t\t\t\t\t\t\t\t\t\t\t<label for=\"form-field-societe\" class=\"elementor-field-label\">\n\t\t\t\t\t\t\t\tNom De Votre Soci\u00e9t\u00e9\t\t\t\t\t\t\t<\/label>\n\t\t\t\t\t\t\t\t\t\t\t\t\t\t<input size=\"1\" type=\"text\" name=\"form_fields[societe]\" id=\"form-field-societe\" class=\"elementor-field elementor-size-sm  elementor-field-textual\" placeholder=\"Entrez Le Nom De Votre Soci\u00e9t\u00e9\" required=\"required\">\n\t\t\t\t\t\t\t\t\t\t\t<\/div>\n\t\t\t\t\t\t\t\t<div class=\"elementor-field-group elementor-column elementor-field-type-submit elementor-col-100 e-form__buttons\">\n\t\t\t\t\t<button class=\"elementor-button elementor-size-sm\" type=\"submit\">\n\t\t\t\t\t\t<span class=\"elementor-button-content-wrapper\">\n\t\t\t\t\t\t\t\t\t\t\t\t\t\t\t\t\t\t\t\t\t\t<span class=\"elementor-button-text\">Recevoir le catalogue de recettes<\/span>\n\t\t\t\t\t\t\t\t\t\t\t\t\t<\/span>\n\t\t\t\t\t<\/button>\n\t\t\t\t<\/div>\n\t\t\t<\/div>\n\t\t<\/form>\n\t\t\t\t\t\t<\/div>\n\t\t\t\t<\/div>\n\t\t\t\t\t<\/div>\n\t\t\t\t<\/div>\n\t\t\t\t<\/div>\n\t\t","protected":false},"excerpt":{"rendered":"<p>West Indies Trade Importateur alimentaire CHR &#038; GMS en Martinique Depuis sa cr\u00e9ation, West Indies Trade s\u2019impose comme un acteur de r\u00e9f\u00e9rence dans l\u2019importation et la distribution de produits alimentaires \u00e0 destination des professionnels du CHR (Caf\u00e9s, H\u00f4tels, Restaurants) et de la GMS en Martinique.Notre ambition : connecter les meilleurs producteurs europ\u00e9ens \u00e0 l\u2019exigence des professionnels antillais, avec un service sur mesure et r\u00e9actif. Nos missions &#038; Nos valeurs Chez West Indies Trade, nous croyons qu\u2019un bon produit ne suffit pas : il faut aussi un service irr\u00e9prochable, une relation humaine de confiance et une vraie compr\u00e9hension des enjeux du terrain.Nous sommes plus qu\u2019un fournisseur, nous sommes un partenaire de proximit\u00e9 au service des professionnels exigeants. Nos engagements concrets : Qualit\u00e9 : Chaque produit est s\u00e9lectionn\u00e9 pour son go\u00fbt, sa r\u00e9gularit\u00e9, sa tra\u00e7abilit\u00e9 et son ad\u00e9quation aux besoins du march\u00e9 antillais. R\u00e9activit\u00e9 : Devis rapides, livraisons optimis\u00e9es et suivi personnalis\u00e9. Nous savons que chaque jour compte dans votre activit\u00e9. Transparence : Pas de fausses promesses, pas d\u2019approximations. Vous savez toujours ce que vous commandez, \u00e0 quel prix, et dans quel d\u00e9lai. Flexibilit\u00e9 : Petites ou grandes structures, CHR ou GMS, nous nous adaptons \u00e0 votre rythme et \u00e0 vos contraintes. Proximit\u00e9 humaine : Nous connaissons nos clients, et ils nous connaissent. Chaque relation compte. Notre mission est simple : vous permettre de vous concentrer sur votre m\u00e9tier, pendant que nous assurons vos approvisionnements avec s\u00e9rieux, efficacit\u00e9 et r\u00e9gularit\u00e9. Nos sp\u00e9cialit\u00e9s logistiques Chez West Indies Trade, nous ma\u00eetrisons toute la cha\u00eene logistique pour garantir \u00e0 nos clients CHR et GMS une disponibilit\u00e9 constante des produits, dans les meilleurs d\u00e9lais. Gr\u00e2ce \u00e0 notre exp\u00e9rience terrain et \u00e0 des solutions sur mesure, nous vous livrons ce dont vous avez besoin, quand vous en avez besoin. Nos solutions logistiques : \u2708\ufe0f Fret a\u00e9rien express : id\u00e9al pour les produits frais, urgents ou les lancements rapides \ud83d\udea2 Import maritime r\u00e9gulier : pour des volumes importants \u00e0 co\u00fbt optimis\u00e9 \u2744\ufe0f Produits frais et p\u00e9rissables : stock\u00e9s et transport\u00e9s dans des conditions ma\u00eetris\u00e9es pour garantir fra\u00eecheur et qualit\u00e9 \ud83c\udf0d Sourcing direct Europe\u2013Cara\u00efbe : partenariat avec des producteurs fiables et tra\u00e7ables Notre objectif : r\u00e9duire vos ruptures, s\u00e9curiser vos approvisionnements et vous faire gagner du temps. Vous Commandez, Nous Sublimons Chez West Indies Trade, nous ne nous contentons pas de livrer des produits de qualit\u00e9 : nous vous aidons aussi \u00e0 les sublimer en cuisine.En collaboration avec plusieurs chefs italiens de renom, nous avons con\u00e7u une s\u00e9rie de recettes exclusives, sp\u00e9cialement pens\u00e9es pour les professionnels du CHR.Faciles \u00e0 int\u00e9grer \u00e0 vos cartes, ces cr\u00e9ations allient authenticit\u00e9, go\u00fbt et ma\u00eetrise des co\u00fbts. Que vous recherchiez des plats traditionnels ou des id\u00e9es originales \u00e0 forte valeur ajout\u00e9e, nos fiches techniques sont l\u00e0 pour vous inspirer et vous accompagner, avec quantit\u00e9s pr\u00e9cises, co\u00fbt mati\u00e8re, et astuces de dressage. Entrez votre mail &#038; votre SIRET pour recevoir le catalogue de recettes WIT Bientot disponible<\/p>","protected":false},"author":1,"featured_media":0,"parent":0,"menu_order":0,"comment_status":"closed","ping_status":"closed","template":"","meta":{"footnotes":""},"class_list":["post-5862","page","type-page","status-publish","hentry"],"acf":[],"_links":{"self":[{"href":"https:\/\/sogefiwit.com\/it\/wp-json\/wp\/v2\/pages\/5862","targetHints":{"allow":["GET"]}}],"collection":[{"href":"https:\/\/sogefiwit.com\/it\/wp-json\/wp\/v2\/pages"}],"about":[{"href":"https:\/\/sogefiwit.com\/it\/wp-json\/wp\/v2\/types\/page"}],"author":[{"embeddable":true,"href":"https:\/\/sogefiwit.com\/it\/wp-json\/wp\/v2\/users\/1"}],"replies":[{"embeddable":true,"href":"https:\/\/sogefiwit.com\/it\/wp-json\/wp\/v2\/comments?post=5862"}],"version-history":[{"count":139,"href":"https:\/\/sogefiwit.com\/it\/wp-json\/wp\/v2\/pages\/5862\/revisions"}],"predecessor-version":[{"id":6268,"href":"https:\/\/sogefiwit.com\/it\/wp-json\/wp\/v2\/pages\/5862\/revisions\/6268"}],"wp:attachment":[{"href":"https:\/\/sogefiwit.com\/it\/wp-json\/wp\/v2\/media?parent=5862"}],"curies":[{"name":"wp","href":"https:\/\/api.w.org\/{rel}","templated":true}]}}